{"id":219,"date":"2019-08-27T19:28:50","date_gmt":"2019-08-27T17:28:50","guid":{"rendered":"https:\/\/thesis.science.upjs.sk\/~rstana\/?page_id=219"},"modified":"2019-09-14T23:56:33","modified_gmt":"2019-09-14T21:56:33","slug":"administrationofos","status":"publish","type":"page","link":"https:\/\/thesis.science.upjs.sk\/~rstana\/administrationofos\/","title":{"rendered":"AdministrationOfOS"},"content":{"rendered":"<h2>Obsah:<\/h2>\n<p><!---\nObsah vych\u00e1dza odtia\u013e - https:\/\/www.lpi.org\/our-certifications\/lpic-2-overview\n---><\/p>\n<ul>\n<li><strong><a href=\"firewall\/\" title=\"firewall\">firewall<\/a><\/strong><\/li>\n<li><strong><a href=\"linux-nat-router\" title=\"Linux NAT Router\">Linux NAT Router<\/a><\/strong><\/li>\n<li>DHCP server <\/li>\n<li>SSH server<\/li>\n<li>Webov\u00fd server<\/li>\n<li>Samba server a FTP server<\/li>\n<li>\u00dadr\u017eba a diagnostika syst\u00e9mu<\/li>\n<li>Spr\u00e1va s\u00faborov\u00e9ho syst\u00e9mu - fdisk, spr\u00e1va diskov, RAID<\/li>\n<li>Virtualiz\u00e1cia a virtualiza\u010dn\u00e9 platformy - LXC, XEN. <\/li>\n<li>VPN server<\/li>\n<\/ul>\n<hr \/>\n<h2>Pokrytie t\u00e9m:<\/h2>\n<p>1.t\u00fd\u017ede\u0148  (19.9.2019)  (4h) - \u00davod do administr\u00e1cie (n\u00e1stroje, s\u00faborov\u00fd syst\u00e9m, SSH) <\/p>\n<p>3.t\u00fd\u017ede\u0148  (3.10.2019)  (4h) - Smerovanie, firewall, DHCP, DNS (uk\u00e1\u017eka na PFsense?)<\/p>\n<p>5.t\u00fd\u017ede\u0148  (17.10.2019) (4h) - Webhosting - Webov\u00fd server, DB server (MySQL), PHP, HTTPS, bezpe\u010dnostn\u00e9 opatrenia<\/p>\n<p>7.t\u00fd\u017ede\u0148  (31.10.2019) (4h) - S\u00faborov\u00e9 slu\u017eby (SAMBA, NFS, FTP)<\/p>\n<p>9.t\u00fd\u017ede\u0148  (14.11.2019) (4h) - Emailov\u00e9 slu\u017eby a VPN<\/p>\n<p>11.t\u00fd\u017ede\u0148 (28.11.2019) (4h) - Virtualiz\u00e1cia (LXC, HyperV, Qemu)<\/p>\n<p>13.t\u00fd\u017ede\u0148 (12.12.2019) (4h) - Prezent\u00e1cie projektov<\/p>\n<p>In\u00e9 t\u00e9my:<br \/>\nTopic 201: Linux Kernel<br \/>\nTopic 202: System Startup<\/p>\n<hr \/>\n<h2>Hodnotenie<\/h2>\n<ul>\n<li>\u00fa\u010das\u0165 - 20b<\/li>\n<li>dom\u00e1ce zadania - 2 x 20b = 40b <\/li>\n<li>prezent\u00e1cia - 40b<\/li>\n<\/ul>\n<p><strong>spolu<\/strong>: 100b<\/p>\n<p>Stupnica:<br \/>\nA - &lt;90;100&gt;<br \/>\nB - &lt;80;90)<br \/>\nC - &lt;70;80)<br \/>\nD - &lt;60;70)<br \/>\nE - &lt;51;60)<br \/>\nFX - &lt;0;51)<\/p>\n<hr \/>\n<h3>Prezent\u00e1cia<\/h3>\n<p>Ka\u017ed\u00fd vypracuje prezent\u00e1ciu na \u013eubovo\u013en\u00fa t\u00e9mu, ktor\u00e1 logicky sed\u00ed do predmetu.<br \/>\nT\u00e9my z minul\u00fdch rokov <strong><a href=\"https:\/\/pavolsokol.science.upjs.sk\/index.php\/en\/teaching\/lectures-seminars\/administracia-operacnych-systemov\" title=\"tu\">tu<\/a><\/strong>.<\/p>\n<hr \/>\n<h3>Dom\u00e1ce zadania<\/h3>\n<ul>\n<li>Hardering NAT routra, DHCP a SSH servera<\/li>\n<li>Hardering Web servera<\/li>\n<\/ul>\n<p>Na d\u00e1tomoch odovzdania sa dohodneme.<\/p>\n<hr \/>\n<p>Starsie materialy najdete <a href=\"https:\/\/pavolsokol.science.upjs.sk\/index.php\/en\/teaching\/lectures-seminars\/administracia-operacnych-systemov\"><strong>tu<\/strong><\/a>.<\/p>\n","protected":false},"excerpt":{"rendered":"<p>Obsah: firewall Linux NAT Router DHCP server SSH server Webov\u00fd server Samba server a FTP server \u00dadr\u017eba a diagnostika syst\u00e9mu Spr\u00e1va s\u00faborov\u00e9ho syst\u00e9mu &#8211; fdisk, spr\u00e1va diskov, RAID Virtualiz\u00e1cia a virtualiza\u010dn\u00e9 platformy &#8211; LXC, XEN. VPN server Pokrytie t\u00e9m: 1.t\u00fd\u017ede\u0148 (19.9.2019) (4h) &#8211; \u00davod do administr\u00e1cie (n\u00e1stroje, s\u00faborov\u00fd syst\u00e9m, SSH) 3.t\u00fd\u017ede\u0148 (3.10.2019) (4h) &#8211; Smerovanie, [&hellip;]<\/p>\n","protected":false},"author":1,"featured_media":0,"parent":0,"menu_order":0,"comment_status":"closed","ping_status":"closed","template":"","meta":[],"_links":{"self":[{"href":"https:\/\/thesis.science.upjs.sk\/~rstana\/wp-json\/wp\/v2\/pages\/219"}],"collection":[{"href":"https:\/\/thesis.science.upjs.sk\/~rstana\/wp-json\/wp\/v2\/pages"}],"about":[{"href":"https:\/\/thesis.science.upjs.sk\/~rstana\/wp-json\/wp\/v2\/types\/page"}],"author":[{"embeddable":true,"href":"https:\/\/thesis.science.upjs.sk\/~rstana\/wp-json\/wp\/v2\/users\/1"}],"replies":[{"embeddable":true,"href":"https:\/\/thesis.science.upjs.sk\/~rstana\/wp-json\/wp\/v2\/comments?post=219"}],"version-history":[{"count":22,"href":"https:\/\/thesis.science.upjs.sk\/~rstana\/wp-json\/wp\/v2\/pages\/219\/revisions"}],"predecessor-version":[{"id":268,"href":"https:\/\/thesis.science.upjs.sk\/~rstana\/wp-json\/wp\/v2\/pages\/219\/revisions\/268"}],"wp:attachment":[{"href":"https:\/\/thesis.science.upjs.sk\/~rstana\/wp-json\/wp\/v2\/media?parent=219"}],"curies":[{"name":"wp","href":"https:\/\/api.w.org\/{rel}","templated":true}]}}